{"id":2107,"date":"2017-07-01T08:15:09","date_gmt":"2017-07-01T06:15:09","guid":{"rendered":"http:\/\/localhost:8888\/STX\/?page_id=2107"},"modified":"2017-09-04T07:44:01","modified_gmt":"2017-09-04T05:44:01","slug":"el-escultor","status":"publish","type":"page","link":"https:\/\/santxotena.org\/fr\/el-escultor\/","title":{"rendered":"Xabier Santxotena"},"content":{"rendered":"<p><img decoding=\"async\" src=\"https:\/\/santxotena.org\/wp-content\/uploads\/2017\/07\/IMG_9830-copia_LR.jpg\" alt=\"Xabier Santxotena\" width=\"100%\" height=\"auto\" class=\"aligncenter size-full wp-image-2713\" srcset=\"https:\/\/santxotena.org\/wp-content\/uploads\/2017\/07\/IMG_9830-copia_LR.jpg 750w, https:\/\/santxotena.org\/wp-content\/uploads\/2017\/07\/IMG_9830-copia_LR-300x200.jpg 300w, https:\/\/santxotena.org\/wp-content\/uploads\/2017\/07\/IMG_9830-copia_LR-435x290.jpg 435w, https:\/\/santxotena.org\/wp-content\/uploads\/2017\/07\/IMG_9830-copia_LR-420x280.jpg 420w\" sizes=\"(max-width: 750px) 100vw, 750px\" \/><strong>Xabier Santxotena<\/strong> est n\u00e9 dans une famille traditionnellement identifi\u00e9e \u00e0 l\u2019artisanat du bois. Tout jeune, il se sent attir\u00e9 par la sculpture. En 1970, il fait la connaissance de Jorge Oteiza dont il sera un disciple remarqu\u00e9. Plus tard, il s\u2019inscrit \u00e0 l\u2019Ecole des Arts et M\u00e9tiers de Vitoria-Gasteiz. Entre le primitif et le culte, entre le naturel et le poli. D\u00e8s ses premi\u00e8res cr\u00e9ations, il adopte la formule des s\u00e9ries ou familles d\u2019\u0153uvres. Hommages aux po\u00e8tes, \u00e0 la pelote basque, aux menhirs. Gernika, Plan\u00e9tarium, Basoak, Irintzi. Il n\u2019aura de cesse de r\u00e9aliser de ses mains une foule de pi\u00e8ces singuli\u00e8res telles fontaines, cascades d\u2019eau, sculptures pour ext\u00e9rieur en acier, ciment ou bronze pour institutions ou mus\u00e9es. A l\u2019heure actuelle, il se consacre tout entier \u00e0 la sculpture et \u00e0 la po\u00e9sie dans son atelier \u00e0 Artziniega (Alava).<br \/>\n<iframe loading=\"lazy\"  id=\"_ytid_54970\"  width=\"735\" height=\"551\"  data-origwidth=\"735\" data-origheight=\"551\" src=\"https:\/\/www.youtube.com\/embed\/8Jq6RuElfIc?enablejsapi=1&#038;autoplay=0&#038;cc_load_policy=0&#038;cc_lang_pref=&#038;iv_load_policy=1&#038;loop=0&#038;rel=1&#038;fs=1&#038;playsinline=0&#038;autohide=2&#038;theme=dark&#038;color=red&#038;controls=1&#038;disablekb=0&#038;\" class=\"__youtube_prefs__  epyt-is-override  no-lazyload\" title=\"YouTube player\"  allow=\"fullscreen; accelerometer; autoplay; clipboard-write; encrypted-media; gyroscope; picture-in-picture; web-share\" referrerpolicy=\"strict-origin-when-cross-origin\" allowfullscreen data-no-lazy=\"1\" data-skipgform_ajax_framebjll=\"\"><\/iframe><\/p>\n","protected":false},"excerpt":{"rendered":"<p>Xabier Santxotena est n\u00e9 dans une famille traditionnellement identifi\u00e9e \u00e0 l\u2019artisanat du bois. Tout jeune, il se sent attir\u00e9 par la sculpture. En 1970, il fait la connaissance de Jorge Oteiza dont il sera un disciple remarqu\u00e9. Plus tard, il s\u2019inscrit \u00e0 l\u2019Ecole des Arts et M\u00e9tiers de Vitoria-Gasteiz. Entre le primitif et le culte, [&hellip;]<\/p>\n","protected":false},"author":2,"featured_media":2713,"parent":0,"menu_order":0,"comment_status":"closed","ping_status":"closed","template":"","meta":{"footnotes":"","_links_to":"","_links_to_target":""},"class_list":["post-2107","page","type-page","status-publish","has-post-thumbnail","hentry"],"_links":{"self":[{"href":"https:\/\/santxotena.org\/fr\/wp-json\/wp\/v2\/pages\/2107","targetHints":{"allow":["GET"]}}],"collection":[{"href":"https:\/\/santxotena.org\/fr\/wp-json\/wp\/v2\/pages"}],"about":[{"href":"https:\/\/santxotena.org\/fr\/wp-json\/wp\/v2\/types\/page"}],"author":[{"embeddable":true,"href":"https:\/\/santxotena.org\/fr\/wp-json\/wp\/v2\/users\/2"}],"replies":[{"embeddable":true,"href":"https:\/\/santxotena.org\/fr\/wp-json\/wp\/v2\/comments?post=2107"}],"version-history":[{"count":0,"href":"https:\/\/santxotena.org\/fr\/wp-json\/wp\/v2\/pages\/2107\/revisions"}],"wp:featuredmedia":[{"embeddable":true,"href":"https:\/\/santxotena.org\/fr\/wp-json\/wp\/v2\/media\/2713"}],"wp:attachment":[{"href":"https:\/\/santxotena.org\/fr\/wp-json\/wp\/v2\/media?parent=2107"}],"curies":[{"name":"wp","href":"https:\/\/api.w.org\/{rel}","templated":true}]}}