{"id":1760,"date":"2017-06-26T18:51:29","date_gmt":"2017-06-26T16:51:29","guid":{"rendered":"http:\/\/localhost:8888\/STX\/?page_id=1760"},"modified":"2017-09-05T20:07:04","modified_gmt":"2017-09-05T18:07:04","slug":"la-obra","status":"publish","type":"page","link":"https:\/\/santxotena.org\/fr\/la-obra\/","title":{"rendered":"&OElig; uvre sculpturale de Santxotena"},"content":{"rendered":"<p><img decoding=\"async\" src=\"https:\/\/santxotena.org\/wp-content\/uploads\/2017\/06\/4_700.jpg\" alt=\"Santxotena l'\u0153uvre\" width=\"100%\" height=\"auto\" class=\"aligncenter size-full wp-image-2747\" srcset=\"https:\/\/santxotena.org\/wp-content\/uploads\/2017\/06\/4_700.jpg 700w, https:\/\/santxotena.org\/wp-content\/uploads\/2017\/06\/4_700-300x225.jpg 300w\" sizes=\"(max-width: 700px) 100vw, 700px\" \/><\/p>\n<p>Ressentir la conjugaison de <strong>l\u2019art et la nature<\/strong>, entre for\u00eats de ch\u00eanes et de h\u00eatres. Ressentir la mythologie ses personnages ancestraux, \u00e9prouver l\u2019arbre, le bois et sa force d\u00e9bordante de sensualit\u00e9.<\/p>\n<p><strong>L\u2019\u0153uvre de Santxotena est magie au toucher <\/strong>en \u00e9criture po\u00e9tique, la parenth\u00e8se d\u2019un temps suspendu destin\u00e9 la contemplation, \u00e0 nous rendre plus libres. Mais elle est aussi expression mentale et compr\u00e9hension esth\u00e9tique depuis diff\u00e9rents points de d\u00e9part. Elle est rationalisme, expressionnisme, informalisme, et se traduit en pur r\u00e9alisme.<\/p>\n<p><strong>Nature, art, expression<\/strong>, d\u00e9velopp\u00e9s \u00e0 travers des personnages cosmogoniques, protecteurs panth\u00e9istes, \u00e9l\u00e9ments atmosph\u00e9riques dans un cosmos de terre et de ciel, soumis au bon plaisir du soleil et de la lune.<\/p>\n<hr\/>\n","protected":false},"excerpt":{"rendered":"<p>Ressentir la conjugaison de l\u2019art et la nature, entre for\u00eats de ch\u00eanes et de h\u00eatres. Ressentir la mythologie ses personnages ancestraux, \u00e9prouver l\u2019arbre, le bois et sa force d\u00e9bordante de sensualit\u00e9. L\u2019\u0153uvre de Santxotena est magie au toucher en \u00e9criture po\u00e9tique, la parenth\u00e8se d\u2019un temps suspendu destin\u00e9 la contemplation, \u00e0 nous rendre plus libres. Mais [&hellip;]<\/p>\n","protected":false},"author":2,"featured_media":2747,"parent":0,"menu_order":1,"comment_status":"closed","ping_status":"closed","template":"","meta":{"footnotes":"","_links_to":"","_links_to_target":""},"class_list":["post-1760","page","type-page","status-publish","has-post-thumbnail","hentry"],"_links":{"self":[{"href":"https:\/\/santxotena.org\/fr\/wp-json\/wp\/v2\/pages\/1760","targetHints":{"allow":["GET"]}}],"collection":[{"href":"https:\/\/santxotena.org\/fr\/wp-json\/wp\/v2\/pages"}],"about":[{"href":"https:\/\/santxotena.org\/fr\/wp-json\/wp\/v2\/types\/page"}],"author":[{"embeddable":true,"href":"https:\/\/santxotena.org\/fr\/wp-json\/wp\/v2\/users\/2"}],"replies":[{"embeddable":true,"href":"https:\/\/santxotena.org\/fr\/wp-json\/wp\/v2\/comments?post=1760"}],"version-history":[{"count":0,"href":"https:\/\/santxotena.org\/fr\/wp-json\/wp\/v2\/pages\/1760\/revisions"}],"wp:featuredmedia":[{"embeddable":true,"href":"https:\/\/santxotena.org\/fr\/wp-json\/wp\/v2\/media\/2747"}],"wp:attachment":[{"href":"https:\/\/santxotena.org\/fr\/wp-json\/wp\/v2\/media?parent=1760"}],"curies":[{"name":"wp","href":"https:\/\/api.w.org\/{rel}","templated":true}]}}