{"id":1440,"date":"2017-04-21T17:56:38","date_gmt":"2017-04-21T17:56:38","guid":{"rendered":"https:\/\/santxotena.org\/museos\/?page_id=1440"},"modified":"2026-04-01T15:21:30","modified_gmt":"2026-04-01T13:21:30","slug":"horarios","status":"publish","type":"page","link":"https:\/\/santxotena.org\/eu\/horarios\/","title":{"rendered":"Horarios"},"content":{"rendered":"<h4>\u00a0<\/h4>\n<hr \/>\n\n\n<h3 class=\"wp-block-heading\">Taller Museo Santxotena. Artziniega (\u00c1lava)<\/h3>\n\n\n\n<p><\/p>\n\n\n\n<p><strong>Semana Santa 2026<\/strong><\/p>\n\n\n\n<p>Jueves Santo [2 de abril], Viernes Santo [3 de abril] y Domingo de Resurrecci\u00f3n [5 de abril]: 11:00 &#8211; 13:30 horas <\/p>\n\n\n\n<p>S\u00e1bado Santo [4 de abril]: 11:00 &#8211; 13:30 horas \/ 16:00 &#8211; 19:00 horas<\/p>\n\n\n\n<p><strong>Resto del a\u00f1o<\/strong><\/p>\n\n\n\n<p>S\u00e1bados: 11:00 &#8211; 13:30 horas \/ 16:00 &#8211; 19:00 horas<\/p>\n\n\n\n<p>Domingos: 11:00 &#8211; 13:30 horas<\/p>\n\n\n\n<p>Fuera de este horario el Museo recibir\u00e1&nbsp;<strong>grupos de m\u00ednimo 10 personas<\/strong>, con&nbsp;<strong>horario a la carta<\/strong>, siempre&nbsp;<strong>bajo reserva previa<\/strong>. Para reservas, pueden llamar al&nbsp;<strong>605 717 857<\/strong>.<\/p>\n\n\n\n<p><\/p>\n\n\n\n<p><\/p>\n\n\n\n<h3 class=\"wp-block-heading\">Parque Museo Santxotena. Arizkun (Valle de Bazt\u00e1n &#8211; Navarra)<\/h3>\n\n\n\n<p>Cerrado.&nbsp;<\/p>\n\n\n\n<p><\/p>\n","protected":false},"excerpt":{"rendered":"<p>\u00a0 Taller Museo Santxotena. Artziniega (\u00c1lava) Semana Santa 2026 Jueves Santo [2 de abril], Viernes Santo [3 de abril] y Domingo de Resurrecci\u00f3n [5 de abril]: 11:00 &#8211; 13:30 horas S\u00e1bado Santo [4 de abril]: 11:00 &#8211; 13:30 horas \/ 16:00 &#8211; 19:00 horas Resto del a\u00f1o S\u00e1bados: 11:00 &#8211; 13:30 horas \/ 16:00 &#8211; [&hellip;]<\/p>\n","protected":false},"author":2,"featured_media":0,"parent":0,"menu_order":0,"comment_status":"closed","ping_status":"closed","template":"pages\/template-full-width.php","meta":{"footnotes":"","_links_to":"","_links_to_target":""},"class_list":["post-1440","page","type-page","status-publish","hentry"],"_links":{"self":[{"href":"https:\/\/santxotena.org\/eu\/wp-json\/wp\/v2\/pages\/1440","targetHints":{"allow":["GET"]}}],"collection":[{"href":"https:\/\/santxotena.org\/eu\/wp-json\/wp\/v2\/pages"}],"about":[{"href":"https:\/\/santxotena.org\/eu\/wp-json\/wp\/v2\/types\/page"}],"author":[{"embeddable":true,"href":"https:\/\/santxotena.org\/eu\/wp-json\/wp\/v2\/users\/2"}],"replies":[{"embeddable":true,"href":"https:\/\/santxotena.org\/eu\/wp-json\/wp\/v2\/comments?post=1440"}],"version-history":[{"count":103,"href":"https:\/\/santxotena.org\/eu\/wp-json\/wp\/v2\/pages\/1440\/revisions"}],"predecessor-version":[{"id":6782,"href":"https:\/\/santxotena.org\/eu\/wp-json\/wp\/v2\/pages\/1440\/revisions\/6782"}],"wp:attachment":[{"href":"https:\/\/santxotena.org\/eu\/wp-json\/wp\/v2\/media?parent=1440"}],"curies":[{"name":"wp","href":"https:\/\/api.w.org\/{rel}","templated":true}]}}