{"id":1980,"date":"2017-06-29T05:30:24","date_gmt":"2017-06-29T03:30:24","guid":{"rendered":"http:\/\/localhost:8888\/STX\/?page_id=1980"},"modified":"2020-03-13T21:17:28","modified_gmt":"2020-03-13T20:17:28","slug":"publicaciones","status":"publish","type":"page","link":"https:\/\/santxotena.org\/en\/publicaciones\/","title":{"rendered":"Publicaciones"},"content":{"rendered":"<h2>El Universo Santxotena<\/h2>\n<div class=\"su-row\">\n<div class=\"su-column su-column-size-1-3\"><div class=\"su-column-inner su-u-clearfix su-u-trim\">\n<div align=\"center\"><img decoding=\"async\" class=\"alignnone size-full wp-image-2259\" src=\"https:\/\/santxotena.org\/wp-content\/uploads\/2017\/06\/universo_santxotena-1.jpg\" alt=\"El Universo Santxotena\" width=\"100%\" height=\"auto\" \/><\/div>\n<div class=\"su-button-center\"><a href=\"https:\/\/www.amazon.es\/Universo-Santxotena-1970-2013-Teresa-Lafragua\/dp\/8461662032\/ref=sr_1_1?s=books&#038;ie=UTF8&#038;qid=1498708257&#038;sr=1-1&#038;keywords=universo+santxotena\" class=\"su-button su-button-style-default su-button-wide\" style=\"color:#FFFFFF;background-color:#79887D;border-color:#616d64;border-radius:0px\" target=\"_blank\" rel=\"noopener noreferrer\"><span style=\"color:#FFFFFF;padding:6px 18px;font-size:14px;line-height:21px;border-color:#a2aca4;border-radius:0px;text-shadow:none\"><i class=\"sui sui-amazon\" style=\"font-size:14px;color:#FFFFFF\"><\/i> Comprar en Amazon<\/span><\/a><\/div>\n<\/div><\/div>\n<div class=\"su-column su-column-size-2-3\"><div class=\"su-column-inner su-u-clearfix su-u-trim\">\n<p><strong>Toda la obra catalogada del escultor de 1970 a 2013.<\/strong><\/p>\n<p>Presentada de una forma sencilla y alejada de tecnicismos. Se muestran un total de 364 fotograf\u00edas y textos, a trav\u00e9s de los que se narra la historia de los tres museos Santxotena: la Casa-Museo Gorrienea en el barrio de Bozate, el Parque-Museo de Arizkun y el Taller-Museo de Artziniega; as\u00ed como la del propio artista y la de sus antepasados los Agotes. Adem\u00e1s, en esta obra Xabier Santxotena explica por vez primera la historia de amistad que le uni\u00f3 a su maestro y descubridor, Jorge Oteiza. El libro se vende en el Taller Museo Santxotena y tambi\u00e9n puedes conseguirlo en Amazon.<\/p>\n<\/div><\/div>\n<\/div>\n<hr \/>\n<h2>Belenes del Mundo<\/h2>\n<div class=\"su-row\">\n<div class=\"su-column su-column-size-1-3\"><div class=\"su-column-inner su-u-clearfix su-u-trim\">\n<div align=\"center\"><img decoding=\"async\" class=\"alignnone size-full wp-image-2262\" src=\"https:\/\/santxotena.org\/wp-content\/uploads\/2017\/06\/belenes.jpg\" alt=\"Belenes del Mundo\" width=\"100%\" height=\"auto\" \/><\/div>\n<div class=\"su-button-center\"><a href=\"https:\/\/www.amazon.es\/Belenes-Mundo-Teresa-Lafragua-%C3%81lvarez\/dp\/B00OLVCY9Y\/ref=sr_1_2?s=books&#038;ie=UTF8&#038;qid=1498708299&#038;sr=1-2&#038;keywords=belenes+del+mundo\" class=\"su-button su-button-style-default su-button-wide\" style=\"color:#FFFFFF;background-color:#79887D;border-color:#616d64;border-radius:0px\" target=\"_blank\" rel=\"noopener noreferrer\"><span style=\"color:#FFFFFF;padding:6px 18px;font-size:14px;line-height:21px;border-color:#a2aca4;border-radius:0px;text-shadow:none\"><i class=\"sui sui-amazon\" style=\"font-size:14px;color:#FFFFFF\"><\/i> Comprar en Amazon<\/span><\/a><\/div><\/div><\/div>\n<div class=\"su-column su-column-size-2-3\"><div class=\"su-column-inner su-u-clearfix su-u-trim\"> \u00a0 <\/div><\/div>\n<\/div>\n<hr \/>\n","protected":false},"excerpt":{"rendered":"<p>El Universo Santxotena Belenes del Mundo<\/p>\n","protected":false},"author":2,"featured_media":0,"parent":0,"menu_order":0,"comment_status":"closed","ping_status":"closed","template":"","meta":{"footnotes":"","_links_to":"","_links_to_target":""},"class_list":["post-1980","page","type-page","status-publish","hentry"],"_links":{"self":[{"href":"https:\/\/santxotena.org\/en\/wp-json\/wp\/v2\/pages\/1980","targetHints":{"allow":["GET"]}}],"collection":[{"href":"https:\/\/santxotena.org\/en\/wp-json\/wp\/v2\/pages"}],"about":[{"href":"https:\/\/santxotena.org\/en\/wp-json\/wp\/v2\/types\/page"}],"author":[{"embeddable":true,"href":"https:\/\/santxotena.org\/en\/wp-json\/wp\/v2\/users\/2"}],"replies":[{"embeddable":true,"href":"https:\/\/santxotena.org\/en\/wp-json\/wp\/v2\/comments?post=1980"}],"version-history":[{"count":0,"href":"https:\/\/santxotena.org\/en\/wp-json\/wp\/v2\/pages\/1980\/revisions"}],"wp:attachment":[{"href":"https:\/\/santxotena.org\/en\/wp-json\/wp\/v2\/media?parent=1980"}],"curies":[{"name":"wp","href":"https:\/\/api.w.org\/{rel}","templated":true}]}}